{"id":389,"date":"2023-05-01T10:34:06","date_gmt":"2023-05-01T10:34:06","guid":{"rendered":"https:\/\/www.digitaldiplomat.eu\/?page_id=389"},"modified":"2023-09-01T12:12:23","modified_gmt":"2023-09-01T12:12:23","slug":"","status":"publish","type":"page","link":"https:\/\/www.digitaldiplomat.eu\/et\/","title":{"rendered":"Projekti kohta","raw":"Projekti kohta"},"content":{"rendered":"\n<p class=\"has-small-font-size\"><a href=\"https:\/\/www.digitaldiplomat.eu\/\" data-type=\"page\" data-id=\"389\"><a href=\"https:\/\/www.digitaldiplomat.eu\/\" data-type=\"page\" data-id=\"389\"><\/a><a href=\"https:\/\/www.digitaldiplomat.eu\/\">About Project<\/a> \/ <a href=\"https:\/\/www.digitaldiplomat.eu\/tr\/\">Proje Hakk\u0131nda<\/a> \/ <a href=\"https:\/\/www.digitaldiplomat.eu\/et\">Projekti kohta<\/a> \/ <a href=\"https:\/\/www.digitaldiplomat.eu\/it\/\">Sul Progetto<\/a> \/ <a href=\"https:\/\/www.digitaldiplomat.eu\/ro\/\">Despre Proiect<\/a> \/ <a href=\"https:\/\/www.digitaldiplomat.eu\/sl\">O Projektu<\/a><\/p>\n\n\n\n<h2 class=\"wp-block-heading\">Projekti kohta<\/h2>\n\n\n\n<p class=\"has-medium-font-size\">Projekt \u201cDigitaalne diplomaatia: \u00dchise tuleviku ehitamine tehnoloogia abil\u201d (DD-Tech), mis on heaks kiidetud Erasmus+ programmi \u2013 KA2 \u2013 Koost\u00f6\u00f6partnerlused k\u00f5rghariduses (KA203) \u2013 alustas oma tegevustega m\u00e4rtsis 2022.&nbsp;&nbsp;<\/p>\n\n\n\n<p class=\"has-medium-font-size\">DD-Techi peamine eesm\u00e4rk on v\u00e4lja t\u00f6\u00f6tada \u201cDigitaalse diplomaata moodul\u201d, mis aitab tudengitel arendada oskuseid, et rakendada digitaalse diplomaatia kultuuri, kasutada seda innovatiivselt ja arendada tudengite v\u00f5imekust tehnoloogilisteks lahendusteks\/ l\u00e4henemisteks.&nbsp;&nbsp;<\/p>\n\n\n\n<p class=\"has-medium-font-size\">Euroopa Liidu projekti koordineerib Instanbuli \u00dclikool, mida juhib Dr. Ozgun Erler Bayir. Projekti partneriteks on Tartu \u00dclikool (Eesti), P\u00fcha S\u00fcdame Katoliku \u00dclikool (Itaalia), Bukaresti \u00dclikool (Rumeenia), Ljubljana \u00dclikool (Sloveenia) ja Insantbuli Kaubandus\u00fclikool (T\u00fcrgi).&nbsp;&nbsp;<\/p>\n\n\n\n<p class=\"has-medium-font-size\">Projekti eelarve on 234.743,00 \u20ac.&nbsp;&nbsp;<\/p>\n\n\n\n<p class=\"has-medium-font-size\">Projekt kestab kolm aastat (28\/02\/2022 kuni 27\/02\/2025).&nbsp;<\/p>\n","protected":false,"raw":"<!-- wp:html -->\n<p class=\"has-small-font-size\"><a href=\"https:\/\/www.digitaldiplomat.eu\/\" data-type=\"page\" data-id=\"389\"><a href=\"https:\/\/www.digitaldiplomat.eu\/\" data-type=\"page\" data-id=\"389\"><\/a><a href=\"https:\/\/www.digitaldiplomat.eu\/\">About Project<\/a> \/ <a href=\"https:\/\/www.digitaldiplomat.eu\/tr\/\">Proje Hakk\u0131nda<\/a> \/ <a href=\"https:\/\/www.digitaldiplomat.eu\/et\">Projekti kohta<\/a> \/ <a href=\"https:\/\/www.digitaldiplomat.eu\/it\/\">Sul Progetto<\/a> \/ <a href=\"https:\/\/www.digitaldiplomat.eu\/ro\/\">Despre Proiect<\/a> \/ <a href=\"https:\/\/www.digitaldiplomat.eu\/sl\">O Projektu<\/a><\/p>\n<!-- \/wp:html -->\n\n<!-- wp:heading -->\n<h2 class=\"wp-block-heading\">Projekti kohta<\/h2>\n<!-- \/wp:heading -->\n\n<!-- wp:paragraph {\"fontSize\":\"medium\"} -->\n<p class=\"has-medium-font-size\">Projekt \u201cDigitaalne diplomaatia: \u00dchise tuleviku ehitamine tehnoloogia abil\u201d (DD-Tech), mis on heaks kiidetud Erasmus+ programmi \u2013 KA2 \u2013 Koost\u00f6\u00f6partnerlused k\u00f5rghariduses (KA203) \u2013 alustas oma tegevustega m\u00e4rtsis 2022.&nbsp;&nbsp;<\/p>\n<!-- \/wp:paragraph -->\n\n<!-- wp:paragraph {\"fontSize\":\"medium\"} -->\n<p class=\"has-medium-font-size\">DD-Techi peamine eesm\u00e4rk on v\u00e4lja t\u00f6\u00f6tada \u201cDigitaalse diplomaata moodul\u201d, mis aitab tudengitel arendada oskuseid, et rakendada digitaalse diplomaatia kultuuri, kasutada seda innovatiivselt ja arendada tudengite v\u00f5imekust tehnoloogilisteks lahendusteks\/ l\u00e4henemisteks.&nbsp;&nbsp;<\/p>\n<!-- \/wp:paragraph -->\n\n<!-- wp:paragraph {\"fontSize\":\"medium\"} -->\n<p class=\"has-medium-font-size\">Euroopa Liidu projekti koordineerib Instanbuli \u00dclikool, mida juhib Dr. Ozgun Erler Bayir. Projekti partneriteks on Tartu \u00dclikool (Eesti), P\u00fcha S\u00fcdame Katoliku \u00dclikool (Itaalia), Bukaresti \u00dclikool (Rumeenia), Ljubljana \u00dclikool (Sloveenia) ja Insantbuli Kaubandus\u00fclikool (T\u00fcrgi).&nbsp;&nbsp;<\/p>\n<!-- \/wp:paragraph -->\n\n<!-- wp:paragraph {\"fontSize\":\"medium\"} -->\n<p class=\"has-medium-font-size\">Projekti eelarve on 234.743,00 \u20ac.&nbsp;&nbsp;<\/p>\n<!-- \/wp:paragraph -->\n\n<!-- wp:paragraph {\"fontSize\":\"medium\"} -->\n<p class=\"has-medium-font-size\">Projekt kestab kolm aastat (28\/02\/2022 kuni 27\/02\/2025).&nbsp;<\/p>\n<!-- \/wp:paragraph -->"},"excerpt":{"rendered":"","protected":false,"raw":""},"author":1,"featured_media":0,"parent":0,"menu_order":0,"comment_status":"closed","ping_status":"closed","template":"","meta":{"_en_post_content":"<!-- wp:html -->\n<p class=\"has-small-font-size\"><a href=\"https:\/\/www.digitaldiplomat.eu\/\">About Project<\/a> \/ <a href=\"https:\/\/www.digitaldiplomat.eu\/tr\/\">Proje Hakk\u0131nda<\/a> \/ <a href=\"https:\/\/www.digitaldiplomat.eu\/et\">Projekti kohta<\/a> \/ <a href=\"https:\/\/www.digitaldiplomat.eu\/it\/\">Sul Progetto<\/a> \/ <a href=\"https:\/\/www.digitaldiplomat.eu\/ro\/\">Despre Proiect<\/a> \/ <a href=\"https:\/\/www.digitaldiplomat.eu\/sl\">O Projektu<\/a><\/p>\n<!-- \/wp:html -->\n\n<!-- wp:heading -->\n<h2 class=\"wp-block-heading\">About Project<\/h2>\n<!-- \/wp:heading -->\n\n<!-- wp:embed {\"url\":\"https:\/\/youtu.be\/t9w0YHkEMlI\",\"type\":\"video\",\"providerNameSlug\":\"youtube\",\"responsive\":true,\"className\":\"wp-embed-aspect-16-9 wp-has-aspect-ratio\"} -->\n<figure class=\"wp-block-embed is-type-video is-provider-youtube wp-block-embed-youtube wp-embed-aspect-16-9 wp-has-aspect-ratio\"><div class=\"wp-block-embed__wrapper\">\nhttps:\/\/youtu.be\/t9w0YHkEMlI\n<\/div><\/figure>\n<!-- \/wp:embed -->\n\n<!-- wp:paragraph {\"fontSize\":\"medium\"} -->\n<p class=\"has-medium-font-size\">Project \u201dDigital Diplomacy: Building the Common Future with Technology\u201d, approved by Erasmus+ programme \u2013 KA2 \u2013 Cooperation partnerships in higher education (KA203) \u2013 started with its activities in March 2022.<\/p>\n<!-- \/wp:paragraph -->\n\n<!-- wp:paragraph {\"fontSize\":\"medium\"} -->\n<p class=\"has-medium-font-size\">The main objective of DD-Tech is to develop a \u201cDigital Diplomacy Module\u201d that enables students to develop skills to carry out digital diplomacy culture, apply it in innovation processes and improve their technological response\/solutions capacities.<\/p>\n<!-- \/wp:paragraph -->\n\n<!-- wp:paragraph {\"fontSize\":\"medium\"} -->\n<p class=\"has-medium-font-size\">Istanbul University is coordinating this EU project, led by&nbsp;Dr. Ozgun Erler Bayir. Project partners are University of Tartu (Estonia), Catholic University of the Sacred Heart&nbsp;(Italy), University of Bucharest (Romania), University of Ljubljana (Slovenia), and Istanbul Commerce University (Turkey).<\/p>\n<!-- \/wp:paragraph -->\n\n<!-- wp:paragraph {\"fontSize\":\"medium\"} -->\n<p class=\"has-medium-font-size\">The total project budget is 234 743,00 \u20ac.<\/p>\n<!-- \/wp:paragraph -->\n\n<!-- wp:paragraph {\"fontSize\":\"medium\"} -->\n<p class=\"has-medium-font-size\">The project duration is three years (28-02-2022 to 27-02-2025)<\/p>\n<!-- \/wp:paragraph -->\n\n<!-- wp:paragraph {\"fontSize\":\"medium\"} -->\n<p class=\"has-medium-font-size\">The card of the project can be also viewed on the <a href=\"https:\/\/erasmus-plus.ec.europa.eu\/projects\/search\/details\/2021-1-TR01-KA220-HED-000027609\" data-type=\"URL\" data-id=\"https:\/\/erasmus-plus.ec.europa.eu\/projects\/search\/details\/2021-1-TR01-KA220-HED-000027609\" target=\"_blank\" rel=\"noreferrer noopener\">European Commission's website <\/a><\/p>\n<!-- \/wp:paragraph -->\n\n<!-- wp:columns -->\n<div class=\"wp-block-columns\"><!-- wp:column {\"fontSize\":\"medium\"} -->\n<div class=\"wp-block-column has-medium-font-size\"><!-- wp:heading {\"level\":4} -->\n<h4 class=\"wp-block-heading\"><br><strong>Specific objectives:<\/strong><\/h4>\n<!-- \/wp:heading -->\n\n<!-- wp:list -->\n<ul><!-- wp:list-item -->\n<li>Preparing students for higher education and adopting ICT technologies to the learning applications<\/li>\n<!-- \/wp:list-item -->\n\n<!-- wp:list-item -->\n<li>Creating an interactive content that will enable curriculum updates to be developed with constantly developing new technologies<\/li>\n<!-- \/wp:list-item -->\n\n<!-- wp:list-item -->\n<li>Development of network-based learning applications (e-case study, e-project management) to adopt new technologies to higher education<\/li>\n<!-- \/wp:list-item -->\n\n<!-- wp:list-item -->\n<li>Discovery of common cooperation opportunities in different fields. With digital diplomacy teaching, we aim to help students in developing their skills to identify and analyze the key problems and opportunities of digitalization, cyberspace, internet governance by applying a digital diplomacy mindset.<\/li>\n<!-- \/wp:list-item --><\/ul>\n<!-- \/wp:list -->\n\n<!-- wp:paragraph -->\n<p><\/p>\n<!-- \/wp:paragraph --><\/div>\n<!-- \/wp:column --><\/div>\n<!-- \/wp:columns -->","_en_post_name":"about-project-2","_en_post_excerpt":"","_en_post_title":"About Project","_et_post_content":"<!-- wp:html -->\n<p class=\"has-small-font-size\"><a href=\"https:\/\/www.digitaldiplomat.eu\/\" data-type=\"page\" data-id=\"389\"><a href=\"https:\/\/www.digitaldiplomat.eu\/\" data-type=\"page\" data-id=\"389\"><\/a><a href=\"https:\/\/www.digitaldiplomat.eu\/\">About Project<\/a> \/ <a href=\"https:\/\/www.digitaldiplomat.eu\/tr\/\">Proje Hakk\u0131nda<\/a> \/ <a href=\"https:\/\/www.digitaldiplomat.eu\/et\">Projekti kohta<\/a> \/ <a href=\"https:\/\/www.digitaldiplomat.eu\/it\/\">Sul Progetto<\/a> \/ <a href=\"https:\/\/www.digitaldiplomat.eu\/ro\/\">Despre Proiect<\/a> \/ <a href=\"https:\/\/www.digitaldiplomat.eu\/sl\">O Projektu<\/a><\/p>\n<!-- \/wp:html -->\n\n<!-- wp:heading -->\n<h2 class=\"wp-block-heading\">Projekti kohta<\/h2>\n<!-- \/wp:heading -->\n\n<!-- wp:paragraph {\"fontSize\":\"medium\"} -->\n<p class=\"has-medium-font-size\">Projekt \u201cDigitaalne diplomaatia: \u00dchise tuleviku ehitamine tehnoloogia abil\u201d (DD-Tech), mis on heaks kiidetud Erasmus+ programmi \u2013 KA2 \u2013 Koost\u00f6\u00f6partnerlused k\u00f5rghariduses (KA203) \u2013 alustas oma tegevustega m\u00e4rtsis 2022.&nbsp;&nbsp;<\/p>\n<!-- \/wp:paragraph -->\n\n<!-- wp:paragraph {\"fontSize\":\"medium\"} -->\n<p class=\"has-medium-font-size\">DD-Techi peamine eesm\u00e4rk on v\u00e4lja t\u00f6\u00f6tada \u201cDigitaalse diplomaata moodul\u201d, mis aitab tudengitel arendada oskuseid, et rakendada digitaalse diplomaatia kultuuri, kasutada seda innovatiivselt ja arendada tudengite v\u00f5imekust tehnoloogilisteks lahendusteks\/ l\u00e4henemisteks.&nbsp;&nbsp;<\/p>\n<!-- \/wp:paragraph -->\n\n<!-- wp:paragraph {\"fontSize\":\"medium\"} -->\n<p class=\"has-medium-font-size\">Euroopa Liidu projekti koordineerib Instanbuli \u00dclikool, mida juhib Dr. Ozgun Erler Bayir. Projekti partneriteks on Tartu \u00dclikool (Eesti), P\u00fcha S\u00fcdame Katoliku \u00dclikool (Itaalia), Bukaresti \u00dclikool (Rumeenia), Ljubljana \u00dclikool (Sloveenia) ja Insantbuli Kaubandus\u00fclikool (T\u00fcrgi).&nbsp;&nbsp;<\/p>\n<!-- \/wp:paragraph -->\n\n<!-- wp:paragraph {\"fontSize\":\"medium\"} -->\n<p class=\"has-medium-font-size\">Projekti eelarve on 234.743,00 \u20ac.&nbsp;&nbsp;<\/p>\n<!-- \/wp:paragraph -->\n\n<!-- wp:paragraph {\"fontSize\":\"medium\"} -->\n<p class=\"has-medium-font-size\">Projekt kestab kolm aastat (28\/02\/2022 kuni 27\/02\/2025).&nbsp;<\/p>\n<!-- \/wp:paragraph -->","_et_post_name":"","_et_post_excerpt":"","_et_post_title":"Projekti kohta","_tr_post_content":"<!-- wp:html -->\n<p class=\"has-small-font-size\"><a href=\"https:\/\/www.digitaldiplomat.eu\/\" data-type=\"page\" data-id=\"389\"><a href=\"https:\/\/www.digitaldiplomat.eu\/\" data-type=\"page\" data-id=\"389\"><\/a><a href=\"https:\/\/www.digitaldiplomat.eu\/\">About Project<\/a> \/ <a href=\"https:\/\/www.digitaldiplomat.eu\/tr\/\">Proje Hakk\u0131nda<\/a> \/ <a href=\"https:\/\/www.digitaldiplomat.eu\/et\">Projekti kohta<\/a> \/ <a href=\"https:\/\/www.digitaldiplomat.eu\/it\/\">Sul Progetto<\/a> \/ <a href=\"https:\/\/www.digitaldiplomat.eu\/ro\/\">Despre Proiect<\/a> \/ <a href=\"https:\/\/www.digitaldiplomat.eu\/sl\">O Projektu<\/a><\/p>\n<!-- \/wp:html -->\n\n<!-- wp:heading -->\n<h2 class=\"wp-block-heading\">Proje Hakk\u0131nda<\/h2>\n<!-- \/wp:heading -->\n\n<!-- wp:paragraph {\"fontSize\":\"medium\"} -->\n<p class=\"has-medium-font-size\">\u201cDijital Diplomasi: Ortak Gelece\u011fi Teknolojiyle \u0130n\u015fa Etmek\u201d&nbsp; (DD-Tech) isimli proje; Erasmus+ Program\u0131 KA220Y\u00fcksek\u00f6\u011fretim \u0130\u00e7in \u0130\u015f birli\u011fi Ortakl\u0131klar\u0131 (KA203) kapsam\u0131nda desteklenmi\u015f olup, 2022 y\u0131l\u0131n\u0131n Mart ay\u0131ndan itibaren faaliyetlerine ba\u015flam\u0131\u015ft\u0131r.&nbsp;<\/p>\n<!-- \/wp:paragraph -->\n\n<!-- wp:paragraph {\"fontSize\":\"medium\"} -->\n<p class=\"has-medium-font-size\">Projenin temel amac\u0131; dijital diplomasi k\u00fclt\u00fcr\u00fcn\u00fc hayata ge\u00e7irecek yetileri \u00f6\u011frencilere kazand\u0131rmay\u0131, edindikleri becerileri inovasyon s\u00fcre\u00e7lerinde uygulamaya te\u015fvik etmeyi ve \u00f6\u011frencilerin teknolojik tepki\/\u00e7\u00f6z\u00fcm kapasitelerini geli\u015ftirecek bir \u201cdijital diplomasi mod\u00fcl\u00fc\u201d geli\u015ftirmektir.&nbsp;<\/p>\n<!-- \/wp:paragraph -->\n\n<!-- wp:paragraph {\"fontSize\":\"medium\"} -->\n<p class=\"has-medium-font-size\">\u0130stanbul \u00dcniversitesi\u2019nin y\u00fcr\u00fct\u00fcc\u00fc oldu\u011fu AB Projesi\u2019nin koordinat\u00f6r\u00fc \u00d6zg\u00fcn Erler Bay\u0131r\u2019d\u0131r. Projenin ortaklar\u0131; \u0130talya\u2019dan Cattolica del Sacro Cuore \u00dcniversitesi, Estonya\u2019dan Tartu \u00dcniversitesi, Slovenya\u2019dan Ljubljana \u00dcniversitesi, Romanya\u2019dan B\u00fckre\u015f \u00dcniversitesi ve T\u00fcrkiye\u2019den \u0130stanbul Ticaret \u00dcniversitesi\u2019dir.<\/p>\n<!-- \/wp:paragraph -->\n\n<!-- wp:paragraph {\"fontSize\":\"medium\"} -->\n<p class=\"has-medium-font-size\">Projenin toplam b\u00fct\u00e7esi 234.743,00 \u20ac\u2019dur<\/p>\n<!-- \/wp:paragraph -->\n\n<!-- wp:paragraph {\"fontSize\":\"medium\"} -->\n<p class=\"has-medium-font-size\">Proje 28\/02\/2022 to 27\/02\/2025 tarihleri aras\u0131nda.3 y\u0131l (36 ay) s\u00fcre ile y\u00fcr\u00fct\u00fclecektir.<\/p>\n<!-- \/wp:paragraph -->","_tr_post_name":"","_tr_post_excerpt":"","_tr_post_title":"Proje Hakk\u0131nda","_it_post_content":"<!-- wp:html -->\n<p class=\"has-small-font-size\"><a href=\"https:\/\/www.digitaldiplomat.eu\/\"><a href=\"https:\/\/www.digitaldiplomat.eu\/\" data-type=\"page\" data-id=\"389\"><\/a><a href=\"https:\/\/www.digitaldiplomat.eu\/\">About Project<\/a> \/ <a href=\"https:\/\/www.digitaldiplomat.eu\/tr\/\">Proje Hakk\u0131nda<\/a> \/ <a href=\"https:\/\/www.digitaldiplomat.eu\/et\">Projekti kohta<\/a> \/ <a href=\"https:\/\/www.digitaldiplomat.eu\/it\/\">Sul Progetto<\/a> \/ <a href=\"https:\/\/www.digitaldiplomat.eu\/ro\/\">Despre Proiect<\/a> \/ <a href=\"https:\/\/www.digitaldiplomat.eu\/sl\">O Projektu<\/a><\/p>\n<!-- \/wp:html -->\n\n<!-- wp:heading -->\n<h2 class=\"wp-block-heading\">Sul Progetto<\/h2>\n<!-- \/wp:heading -->\n\n<!-- wp:paragraph {\"fontSize\":\"medium\"} -->\n<p class=\"has-medium-font-size\">Il progetto \u201dDigital Diplomacy: Building the Common Future with Technology\u201d (DD-Tech), approvato dal programma Erasmus+ KA2 \u2013 Cooperation partnerships in higher education (KA203) \u2013 ha cominciato le sue attivit\u00e0 nel mese di marzo del 2022.<\/p>\n<!-- \/wp:paragraph -->\n\n<!-- wp:paragraph {\"fontSize\":\"medium\"} -->\n<p class=\"has-medium-font-size\">Il principale obiettivo di DD-Tech \u00e8 l\u2019elaborazione di un \u201cModulo di diplomazia digitale\u201d che permetta agli studenti di sviluppare competenze necessarie a praticare la cultura diplomatica digitale, applicarla a processi di innovazione, e migliorare le loro risposte\/soluzioni tecnologiche.<\/p>\n<!-- \/wp:paragraph -->\n\n<!-- wp:paragraph {\"fontSize\":\"medium\"} -->\n<p class=\"has-medium-font-size\">L\u2019Universit\u00e0 di Istanbul coordina il progetto, diretto dal Dr. Ozgun Erler Bayir, cui partecipano l\u2019Universit\u00e0 di Tartu (Estonia), l\u2019Universit\u00e0 Cattolica del Sacro Cuore (Italia), l\u2019Universit\u00e0 di Bucarest (Romania), l\u2019Universit\u00e0 di Lubiana (Slovenia) e Istanbul.<\/p>\n<!-- \/wp:paragraph -->\n\n<!-- wp:paragraph {\"fontSize\":\"medium\"} -->\n<p class=\"has-medium-font-size\">Il budget complessivo del progetto ammonta a 234.743,00 \u20ac.<\/p>\n<!-- \/wp:paragraph -->\n\n<!-- wp:paragraph {\"fontSize\":\"medium\"} -->\n<p class=\"has-medium-font-size\">La durata del progetto \u00e8 di tre anni (dal 28\/02\/2022 al 27\/02\/2025).<\/p>\n<!-- \/wp:paragraph -->","_it_post_name":"","_it_post_excerpt":"","_it_post_title":"Sul Progetto","_ro_post_content":"<!-- wp:paragraph {\"fontSize\":\"small\"} -->\n<p class=\"has-small-font-size\"><a href=\"https:\/\/www.digitaldiplomat.eu\/\" data-type=\"page\" data-id=\"389\"><\/a><a href=\"https:\/\/www.digitaldiplomat.eu\/\">About Project<\/a> \/ <a href=\"https:\/\/www.digitaldiplomat.eu\/tr\/\">Proje Hakk\u0131nda<\/a> \/ <a href=\"https:\/\/www.digitaldiplomat.eu\/et\">Projekti kohta<\/a> \/ <a href=\"https:\/\/www.digitaldiplomat.eu\/it\/\">Sul Progetto<\/a> \/ <a href=\"https:\/\/www.digitaldiplomat.eu\/ro\/\">Despre Proiect<\/a> \/ <a href=\"https:\/\/www.digitaldiplomat.eu\/sl\">O Projektu<\/a><\/p>\n<!-- \/wp:paragraph -->\n\n<!-- wp:heading -->\n<h2 class=\"wp-block-heading\">Despre Proiect<\/h2>\n<!-- \/wp:heading -->\n\n<!-- wp:paragraph {\"fontSize\":\"medium\"} -->\n<p class=\"has-medium-font-size\">Proiectul \u201cDigital Diplomacy: Building the Common Future with Technology\u201d [Diploma\u021bia Digital\u0103: Un viitor comun prin tehnologie] (DD-Tech), finan\u021bat prin programul Erasmus+ KA2 Parteneriate de cooperare \u00een \u00eenv\u0103\u021b\u0103m\u00e2ntul superior (KA203), a fost lansat \u00een martie 2022.<\/p>\n<!-- \/wp:paragraph -->\n\n<!-- wp:paragraph {\"fontSize\":\"medium\"} -->\n<p class=\"has-medium-font-size\">Principalul obiectiv al DD-Tech este de a dezvolta un <strong>Modul de Diploma\u021bie Digital\u0103<\/strong>. Acesta ofer\u0103 cursan\u021bilor oportunitatea de a dezvolta aptitudini \u0219i cuno\u0219tin\u021be necesare pentru \u00een\u021belegerea culturii diploma\u021biei digitale \u0219i pentru aplicarea lor \u00een contexte diverse, precum \u0219i de a contribui la \u00eembun\u0103t\u0103\u021birea capacit\u0103\u021bii de a r\u0103spunde provoc\u0103rilor tehnologiei contemporane, inclusiv prin generarea de noi solu\u021bii.<\/p>\n<!-- \/wp:paragraph -->\n\n<!-- wp:paragraph {\"fontSize\":\"medium\"} -->\n<p class=\"has-medium-font-size\">Proiectul este realizat \u00eentr-un consor\u021biu coordonat de Universitatea din Istanbul \/ \u0130stanbul \u00dcniversitesi, Turcia (responsabil Dr. Ozgun Erler Bayir). Din consor\u021biu mai fac parte Universitatea din Tartu \/ Tartu \u00dclikool (Estonia),&nbsp; Universit\u00e0 Cattolica del Sacro Cuore Milano (Italia), Universitatea din Bucure\u0219ti (Rom\u00e2nia), Universitatea din Ljubljana \/ Univerza v Ljubljani (Slovenia) \u0219i&nbsp; Universitatea de Comer\u021b din Istanbul \/ \u0130stanbul Ticaret \u00dcniversitesi (Turcia)<\/p>\n<!-- \/wp:paragraph -->\n\n<!-- wp:paragraph {\"fontSize\":\"medium\"} -->\n<p class=\"has-medium-font-size\">Bugetul total al proiectului este de 234.743,00 \u20ac.<\/p>\n<!-- \/wp:paragraph -->\n\n<!-- wp:paragraph {\"fontSize\":\"medium\"} -->\n<p class=\"has-medium-font-size\">Durata proiectului este de trei ani (28\/02\/2022 - 27\/02\/2025)<\/p>\n<!-- \/wp:paragraph -->","_ro_post_name":"","_ro_post_excerpt":"","_ro_post_title":"Despre Proiect","_sl_post_content":"<!-- wp:html -->\n<p class=\"has-small-font-size\"><a href=\"https:\/\/www.digitaldiplomat.eu\/\"><\/a><a href=\"https:\/\/www.digitaldiplomat.eu\/\"><a href=\"https:\/\/www.digitaldiplomat.eu\/\" data-type=\"page\" data-id=\"389\"><\/a><a href=\"https:\/\/www.digitaldiplomat.eu\/\">About Project<\/a> \/ <a href=\"https:\/\/www.digitaldiplomat.eu\/tr\/\">Proje Hakk\u0131nda<\/a> \/ <a href=\"https:\/\/www.digitaldiplomat.eu\/et\">Projekti kohta<\/a> \/ <a href=\"https:\/\/www.digitaldiplomat.eu\/it\/\">Sul Progetto<\/a> \/ <a href=\"https:\/\/www.digitaldiplomat.eu\/ro\/\">Despre Proiect<\/a> \/ <a href=\"https:\/\/www.digitaldiplomat.eu\/sl\">O Projektu<\/a><\/p>\n<!-- \/wp:html -->\n\n<!-- wp:heading -->\n<h2 class=\"wp-block-heading\">O Projektu<\/h2>\n<!-- \/wp:heading -->\n\n<!-- wp:paragraph {\"fontSize\":\"medium\"} -->\n<p class=\"has-medium-font-size\">Projekt \u201cDigital Diplomacy: Building the Common Future with Technology\u201d [Digitalna diplomacija: krepitev skupne prihodnosti s tehnologijo] (DD-Tech) se izvaja od marca 2022 v okviru programa Erasmus+ KA2 - Cooperation partnerships in higher education [Partnerstva za sodelovanje v visokem \u0161olstvu] (KA203).<\/p>\n<!-- \/wp:paragraph -->\n\n<!-- wp:paragraph {\"fontSize\":\"medium\"} -->\n<p class=\"has-medium-font-size\">Glavni cilj projekta DD-Tech je razviti \u201cmodul digitalne diplomacije\u201d, ki bo \u0161tudentom omogo\u010dal razvoj ve\u0161\u010din za izvajanje digitalne diplomacije, njeno uporabo v inovacijskih procesih in izbolj\u0161anje zmogljivosti odzivanja na nove tehnolo\u0161ke re\u0161itve.<\/p>\n<!-- \/wp:paragraph -->\n\n<!-- wp:paragraph {\"fontSize\":\"medium\"} -->\n<p class=\"has-medium-font-size\">Projekt, ki ga vodi dr. Ozgun Erler Bayir, koordinira Univerza v Istanbulu. Sodelujo\u010di projektni partnerji so Univerza v Tartuju (Estonija), Katoli\u0161ka univerza Sacred Heart (Italija), Univerza v Bukare\u0161ti (Romunija), Univerza v Ljubljani (Slovenija) in Istanbul Commerce University (Tur\u010dija).&nbsp;<\/p>\n<!-- \/wp:paragraph -->\n\n<!-- wp:paragraph {\"fontSize\":\"medium\"} -->\n<p class=\"has-medium-font-size\">Skupni prora\u010dun projekta zna\u0161a 234.743,00 EUR.<\/p>\n<!-- \/wp:paragraph -->\n\n<!-- wp:paragraph {\"fontSize\":\"medium\"} -->\n<p class=\"has-medium-font-size\">Gre za 3-letni projekt, ki bo potekal od 28. 2. 2022 do 27. 2. 2025.<\/p>\n<!-- \/wp:paragraph -->","_sl_post_name":"","_sl_post_excerpt":"","_sl_post_title":"O Projektu","edit_language":"et","footnotes":""},"class_list":["post-389","page","type-page","status-publish","hentry"],"_links":{"self":[{"href":"https:\/\/www.digitaldiplomat.eu\/et\/wp-json\/wp\/v2\/pages\/389","targetHints":{"allow":["GET"]}}],"collection":[{"href":"https:\/\/www.digitaldiplomat.eu\/et\/wp-json\/wp\/v2\/pages"}],"about":[{"href":"https:\/\/www.digitaldiplomat.eu\/et\/wp-json\/wp\/v2\/types\/page"}],"author":[{"embeddable":true,"href":"https:\/\/www.digitaldiplomat.eu\/et\/wp-json\/wp\/v2\/users\/1"}],"replies":[{"embeddable":true,"href":"https:\/\/www.digitaldiplomat.eu\/et\/wp-json\/wp\/v2\/comments?post=389"}],"version-history":[{"count":14,"href":"https:\/\/www.digitaldiplomat.eu\/et\/wp-json\/wp\/v2\/pages\/389\/revisions"}],"predecessor-version":[{"id":568,"href":"https:\/\/www.digitaldiplomat.eu\/et\/wp-json\/wp\/v2\/pages\/389\/revisions\/568"}],"wp:attachment":[{"href":"https:\/\/www.digitaldiplomat.eu\/et\/wp-json\/wp\/v2\/media?parent=389"}],"curies":[{"name":"wp","href":"https:\/\/api.w.org\/{rel}","templated":true}]}}